{"id":376,"date":"2025-12-10T00:18:48","date_gmt":"2025-12-10T00:18:48","guid":{"rendered":"https:\/\/durango.digitalmonkey.se\/?page_id=376"},"modified":"2026-05-06T11:23:13","modified_gmt":"2026-05-06T09:23:13","slug":"lunch","status":"publish","type":"page","link":"https:\/\/pizzahusetdurango.se\/en\/lunch\/","title":{"rendered":"Lunch"},"content":{"rendered":"<section class=\"bde-section-376-100 bde-section\">\n  \n  \n\t\n\n\n\n<div class=\"section-container\"><div class=\"bde-fancy-divider-376-101 bde-fancy-divider\">\n\n\n<div class=\"bde-fancy-divider__wrapper\">\n  <div class=\"bde-fancy-divider__separator has-content has-content-center\">\n  \t    \t    \t          <div class=\"bde-fancy-divider__content bde-fancy-divider__content--text\">\n          Pizzahuset Durango\n          <\/div>\n    \t      <\/div>\n<\/div>\n\n<\/div><h1 class=\"bde-heading-376-102 bde-heading\">\nLunch\n<\/h1><div class=\"bde-columns-376-103 bde-columns\"><div class=\"bde-column-376-104 bde-column\">\n  \n  \n\t\n\n\n\n<div class=\"bde-columns-376-107 bde-columns\"><div class=\"bde-column-376-108 bde-column\">\n  \n  \n\t\n\n\n\n<h6 class=\"bde-heading-376-109 bde-heading\">\nLunch menu Monday to Friday between 11.00-14.00<br>Ing\u00e5r: salladbar, Dricka, sm\u00f6r, br\u00f6d & kaffe\n<\/h6>\n<\/div><\/div>\n<\/div><\/div><h3 class=\"bde-heading-376-171 bde-heading\">\nPizza No 1-32<br>Kebab<br>Barbecue dishes<br>Salad<br>hamburger\n<\/h3><div class=\"bde-fancy-divider-376-600 bde-fancy-divider\">\n\n\n<div class=\"bde-fancy-divider__wrapper\">\n  <div class=\"bde-fancy-divider__separator has-content has-content-center\">\n  \t    \t    \t          <div class=\"bde-fancy-divider__content bde-fancy-divider__content--text\">\n          Welcome to\n          <\/div>\n    \t      <\/div>\n<\/div>\n\n<\/div><\/div>\n<\/section>","protected":false},"excerpt":{"rendered":"<p>Pizzahuset Durango Lunch Lunchmeny M\u00e5ndag till Fredag mellan kl. 11.00-14.00Ing\u00e5r: salladbar, Dricka, sm\u00f6r, br\u00f6d &#038; kaffe Pizza Nr. 1-32KebabGrillr\u00e4tterSalladHamburgare V\u00e4lkomna<\/p>","protected":false},"author":1,"featured_media":0,"parent":0,"menu_order":0,"comment_status":"closed","ping_status":"closed","template":"","meta":{"_breakdance_hide_in_design_set":false,"_breakdance_tags":"","footnotes":""},"class_list":["post-376","page","type-page","status-publish","hentry"],"_links":{"self":[{"href":"https:\/\/pizzahusetdurango.se\/en\/wp-json\/wp\/v2\/pages\/376","targetHints":{"allow":["GET"]}}],"collection":[{"href":"https:\/\/pizzahusetdurango.se\/en\/wp-json\/wp\/v2\/pages"}],"about":[{"href":"https:\/\/pizzahusetdurango.se\/en\/wp-json\/wp\/v2\/types\/page"}],"author":[{"embeddable":true,"href":"https:\/\/pizzahusetdurango.se\/en\/wp-json\/wp\/v2\/users\/1"}],"replies":[{"embeddable":true,"href":"https:\/\/pizzahusetdurango.se\/en\/wp-json\/wp\/v2\/comments?post=376"}],"version-history":[{"count":15,"href":"https:\/\/pizzahusetdurango.se\/en\/wp-json\/wp\/v2\/pages\/376\/revisions"}],"predecessor-version":[{"id":664,"href":"https:\/\/pizzahusetdurango.se\/en\/wp-json\/wp\/v2\/pages\/376\/revisions\/664"}],"wp:attachment":[{"href":"https:\/\/pizzahusetdurango.se\/en\/wp-json\/wp\/v2\/media?parent=376"}],"curies":[{"name":"wp","href":"https:\/\/api.w.org\/{rel}","templated":true}]}}